{"id":402,"date":"2022-09-11T12:13:26","date_gmt":"2022-09-11T12:13:26","guid":{"rendered":"https:\/\/buckfast-transilvania.ro\/?page_id=402"},"modified":"2022-09-11T12:25:21","modified_gmt":"2022-09-11T12:25:21","slug":"devino-membru","status":"publish","type":"page","link":"https:\/\/buckfast-transilvania.ro\/index.php\/devino-membru\/","title":{"rendered":"Devino Membru"},"content":{"rendered":"\t\t<div data-elementor-type=\"wp-page\" data-elementor-id=\"402\" class=\"elementor elementor-402\">\n\t\t\t\t\t\t<section class=\"elementor-section elementor-top-section elementor-element elementor-element-1d6f4a9f elementor-section-height-min-height elementor-section-boxed elementor-section-height-default elementor-section-items-middle elementor-invisible\" data-id=\"1d6f4a9f\" data-element_type=\"section\" data-settings=\"{&quot;background_background&quot;:&quot;classic&quot;,&quot;shape_divider_bottom&quot;:&quot;tilt&quot;,&quot;animation&quot;:&quot;fadeIn&quot;}\">\n\t\t\t\t\t\t\t<div class=\"elementor-background-overlay\"><\/div>\n\t\t\t\t\t\t<div class=\"elementor-shape elementor-shape-bottom\" data-negative=\"false\">\n\t\t\t<svg xmlns=\"http:\/\/www.w3.org\/2000\/svg\" viewBox=\"0 0 1000 100\" preserveAspectRatio=\"none\">\n\t<path class=\"elementor-shape-fill\" d=\"M0,6V0h1000v100L0,6z\"\/>\n<\/svg>\t\t<\/div>\n\t\t\t\t\t<div class=\"elementor-container elementor-column-gap-default\">\n\t\t\t\t\t<div class=\"elementor-column elementor-col-100 elementor-top-column elementor-element elementor-element-3afac78b\" data-id=\"3afac78b\" data-element_type=\"column\">\n\t\t\t<div class=\"elementor-widget-wrap elementor-element-populated\">\n\t\t\t\t\t\t<div class=\"elementor-element elementor-element-142842d5 elementor-invisible elementor-widget elementor-widget-heading\" data-id=\"142842d5\" data-element_type=\"widget\" data-settings=\"{&quot;_animation&quot;:&quot;fadeIn&quot;,&quot;_animation_delay&quot;:500}\" data-widget_type=\"heading.default\">\n\t\t\t\t<div class=\"elementor-widget-container\">\n\t\t\t<style>\/*! elementor - v3.23.0 - 15-07-2024 *\/\n.elementor-heading-title{padding:0;margin:0;line-height:1}.elementor-widget-heading .elementor-heading-title[class*=elementor-size-]>a{color:inherit;font-size:inherit;line-height:inherit}.elementor-widget-heading .elementor-heading-title.elementor-size-small{font-size:15px}.elementor-widget-heading .elementor-heading-title.elementor-size-medium{font-size:19px}.elementor-widget-heading .elementor-heading-title.elementor-size-large{font-size:29px}.elementor-widget-heading .elementor-heading-title.elementor-size-xl{font-size:39px}.elementor-widget-heading .elementor-heading-title.elementor-size-xxl{font-size:59px}<\/style><h1 class=\"elementor-heading-title elementor-size-default\">Hai cu noi<\/h1>\t\t<\/div>\n\t\t\t\t<\/div>\n\t\t\t\t\t<\/div>\n\t\t<\/div>\n\t\t\t\t\t<\/div>\n\t\t<\/section>\n\t\t\t\t<section class=\"elementor-section elementor-top-section elementor-element elementor-element-30ca2b0 elementor-section-boxed elementor-section-height-default elementor-section-height-default\" data-id=\"30ca2b0\" data-element_type=\"section\">\n\t\t\t\t\t\t<div class=\"elementor-container elementor-column-gap-default\">\n\t\t\t\t\t<div class=\"elementor-column elementor-col-100 elementor-top-column elementor-element elementor-element-bb1666c\" data-id=\"bb1666c\" data-element_type=\"column\">\n\t\t\t<div class=\"elementor-widget-wrap elementor-element-populated\">\n\t\t\t\t\t\t<div class=\"elementor-element elementor-element-a5b34cd elementor-widget elementor-widget-text-editor\" data-id=\"a5b34cd\" data-element_type=\"widget\" data-widget_type=\"text-editor.default\">\n\t\t\t\t<div class=\"elementor-widget-container\">\n\t\t\t<style>\/*! elementor - v3.23.0 - 15-07-2024 *\/\n.elementor-widget-text-editor.elementor-drop-cap-view-stacked .elementor-drop-cap{background-color:#69727d;color:#fff}.elementor-widget-text-editor.elementor-drop-cap-view-framed .elementor-drop-cap{color:#69727d;border:3px solid;background-color:transparent}.elementor-widget-text-editor:not(.elementor-drop-cap-view-default) .elementor-drop-cap{margin-top:8px}.elementor-widget-text-editor:not(.elementor-drop-cap-view-default) .elementor-drop-cap-letter{width:1em;height:1em}.elementor-widget-text-editor .elementor-drop-cap{float:left;text-align:center;line-height:1;font-size:50px}.elementor-widget-text-editor .elementor-drop-cap-letter{display:inline-block}<\/style>\t\t\t\t<p><span style=\"font-size: 14px;\">Al\u0103tur\u0103-te unei asocia\u0163ii tinere \u015fi moderne, motivant\u0103 \u015fi inovativ\u0103 \u015fi ai urm\u0103toarele beneficii:<\/span><\/p><ul><li>E\u015fti membru \u00eentr-un grup de apicultori de performan\u0163\u0103<\/li><li>Schimb de experien\u0163\u0103 \u00eentr-un grup de apicultori cu interese comune<\/li><li>Acces la grupul privat de discu\u0163ii pe facebook<\/li><li>Participi prioritar la cursuri, seminarii, prezent\u0103ri, excursii de documentare etc.<\/li><li>Ai acces la material biologic Buckfast<\/li><li>Ca membru al Asocia\u0163iea Buckfast Transilvania faci parte automat din Federa\u0163ia Buckfast Europa (GdeB)<\/li><li>Participi prioritar la sesiunile de ins\u0103m\u0103n\u0163are artificial\u0103<\/li><li>Te folose\u015fti prioritar de sta\u0163ille de \u00eemperechere ale Asocia\u0163iel Buckfast Transilvania<\/li><li>E\u015fti informat de tot ce se \u00eent\u00e2mpl\u0103 \u00een asocia\u0163ie<\/li><li><span style=\"font-size: 14px;\">Te implici \u00een construc\u0163ia viitorului albinei Buckfast \u00een Romania\u00a0<\/span><\/li><li><span style=\"font-size: 14px;\">! Prime\u015fti gratuit un exemplar al c\u0103r\u0163ii *Metoda mea de lucru cu albina Buckfast* a Fratelui Adam, tradus\u0103 \u00een limba rom\u00e2n\u0103. (Cartea va ap\u0103rea in iarna 2022\/23)\u00a0<\/span><\/li><\/ul><p><span style=\"font-size: 14px;\">\u00a0<\/span><\/p><p><span style=\"font-size: 14px;\">Cotiza\u0163ia pe 2022 este: 300 RON (inclusiv un exemplar a c\u0103r\u0163ii Fratelui Adam &#8220;Metoda mea de lucru cu albina Buckfast)\u00a0<\/span><\/p><p><span style=\"font-size: 14px;\">Trimite-ne datele tale de contact la urm\u0103torul num\u0103r de telefon: Whatsapp 0755034254,\u00a0<\/span><\/p><p><span style=\"font-size: 14px;\">Informa\u0163ii telefonice zilnic 18:00 \u2014 20:00<\/span><\/p>\t\t\t\t\t\t<\/div>\n\t\t\t\t<\/div>\n\t\t\t\t\t<\/div>\n\t\t<\/div>\n\t\t\t\t\t<\/div>\n\t\t<\/section>\n\t\t\t\t<\/div>\n\t\t","protected":false},"excerpt":{"rendered":"<p>Hai cu noi Al\u0103tur\u0103-te unei asocia\u0163ii tinere \u015fi moderne, motivant\u0103 \u015fi inovativ\u0103 \u015fi ai urm\u0103toarele beneficii: E\u015fti membru \u00eentr-un grup de apicultori de performan\u0163\u0103 Schimb de experien\u0163\u0103 \u00eentr-un grup de apicultori cu interese comune Acces la grupul privat de discu\u0163ii pe facebook Participi prioritar la cursuri, seminarii, prezent\u0103ri, excursii de documentare etc. Ai acces la [&hellip;]<\/p>\n","protected":false},"author":1,"featured_media":0,"parent":0,"menu_order":0,"comment_status":"closed","ping_status":"closed","template":"elementor_header_footer","meta":{"ocean_post_layout":"","ocean_both_sidebars_style":"","ocean_both_sidebars_content_width":0,"ocean_both_sidebars_sidebars_width":0,"ocean_sidebar":"0","ocean_second_sidebar":"0","ocean_disable_margins":"enable","ocean_add_body_class":"","ocean_shortcode_before_top_bar":"","ocean_shortcode_after_top_bar":"","ocean_shortcode_before_header":"","ocean_shortcode_after_header":"","ocean_has_shortcode":"","ocean_shortcode_after_title":"","ocean_shortcode_before_footer_widgets":"","ocean_shortcode_after_footer_widgets":"","ocean_shortcode_before_footer_bottom":"","ocean_shortcode_after_footer_bottom":"","ocean_display_top_bar":"off","ocean_display_header":"default","ocean_header_style":"","ocean_center_header_left_menu":"0","ocean_custom_header_template":"0","ocean_custom_logo":0,"ocean_custom_retina_logo":0,"ocean_custom_logo_max_width":0,"ocean_custom_logo_tablet_max_width":0,"ocean_custom_logo_mobile_max_width":0,"ocean_custom_logo_max_height":0,"ocean_custom_logo_tablet_max_height":0,"ocean_custom_logo_mobile_max_height":0,"ocean_header_custom_menu":"0","ocean_menu_typo_font_family":"0","ocean_menu_typo_font_subset":"","ocean_menu_typo_font_size":0,"ocean_menu_typo_font_size_tablet":0,"ocean_menu_typo_font_size_mobile":0,"ocean_menu_typo_font_size_unit":"px","ocean_menu_typo_font_weight":"","ocean_menu_typo_font_weight_tablet":"","ocean_menu_typo_font_weight_mobile":"","ocean_menu_typo_transform":"","ocean_menu_typo_transform_tablet":"","ocean_menu_typo_transform_mobile":"","ocean_menu_typo_line_height":0,"ocean_menu_typo_line_height_tablet":0,"ocean_menu_typo_line_height_mobile":0,"ocean_menu_typo_line_height_unit":"","ocean_menu_typo_spacing":0,"ocean_menu_typo_spacing_tablet":0,"ocean_menu_typo_spacing_mobile":0,"ocean_menu_typo_spacing_unit":"","ocean_menu_link_color":"","ocean_menu_link_color_hover":"","ocean_menu_link_color_active":"","ocean_menu_link_background":"","ocean_menu_link_hover_background":"","ocean_menu_link_active_background":"","ocean_menu_social_links_bg":"","ocean_menu_social_hover_links_bg":"","ocean_menu_social_links_color":"","ocean_menu_social_hover_links_color":"","ocean_disable_title":"on","ocean_disable_heading":"default","ocean_post_title":"","ocean_post_subheading":"","ocean_post_title_style":"","ocean_post_title_background_color":"","ocean_post_title_background":0,"ocean_post_title_bg_image_position":"","ocean_post_title_bg_image_attachment":"","ocean_post_title_bg_image_repeat":"","ocean_post_title_bg_image_size":"","ocean_post_title_height":0,"ocean_post_title_bg_overlay":0.5,"ocean_post_title_bg_overlay_color":"","ocean_disable_breadcrumbs":"default","ocean_breadcrumbs_color":"","ocean_breadcrumbs_separator_color":"","ocean_breadcrumbs_links_color":"","ocean_breadcrumbs_links_hover_color":"","ocean_display_footer_widgets":"default","ocean_display_footer_bottom":"default","ocean_custom_footer_template":"0","footnotes":""},"class_list":["post-402","page","type-page","status-publish","hentry","entry"],"_links":{"self":[{"href":"https:\/\/buckfast-transilvania.ro\/index.php\/wp-json\/wp\/v2\/pages\/402","targetHints":{"allow":["GET"]}}],"collection":[{"href":"https:\/\/buckfast-transilvania.ro\/index.php\/wp-json\/wp\/v2\/pages"}],"about":[{"href":"https:\/\/buckfast-transilvania.ro\/index.php\/wp-json\/wp\/v2\/types\/page"}],"author":[{"embeddable":true,"href":"https:\/\/buckfast-transilvania.ro\/index.php\/wp-json\/wp\/v2\/users\/1"}],"replies":[{"embeddable":true,"href":"https:\/\/buckfast-transilvania.ro\/index.php\/wp-json\/wp\/v2\/comments?post=402"}],"version-history":[{"count":11,"href":"https:\/\/buckfast-transilvania.ro\/index.php\/wp-json\/wp\/v2\/pages\/402\/revisions"}],"predecessor-version":[{"id":415,"href":"https:\/\/buckfast-transilvania.ro\/index.php\/wp-json\/wp\/v2\/pages\/402\/revisions\/415"}],"wp:attachment":[{"href":"https:\/\/buckfast-transilvania.ro\/index.php\/wp-json\/wp\/v2\/media?parent=402"}],"curies":[{"name":"wp","href":"https:\/\/api.w.org\/{rel}","templated":true}]}}